{"id":10,"date":"2019-09-26T13:16:28","date_gmt":"2019-09-26T13:16:28","guid":{"rendered":"https:\/\/neu.maler-mettier.ch\/?page_id=10"},"modified":"2021-08-19T13:41:50","modified_gmt":"2021-08-19T13:41:50","slug":"startseite","status":"publish","type":"page","link":"https:\/\/maler-mettier.ch\/","title":{"rendered":"Startseite"},"content":{"rendered":"<p>Das von Jonny Mettier in dritter Generation gef\u00fchrte Malergesch\u00e4ft wurde 1946 von Johann Mettier gegr\u00fcndet und aufgebaut.<\/p>\n<p>Ab 1968 wurde das Gesch\u00e4ft von Arno Mettier weitergef\u00fchrt, bis es 2001 schliesslich an den jetzigen Inhaber Jonny Mettier \u00fcbergeben wurde.<\/p>\n<p>Die Firma wird im Sinne der Vorg\u00e4nger als pers\u00f6nlicher und kundenfreundlicher Kleinbetrieb mit einer Zweigstelle in Spl\u00fcgen weitergef\u00fchrt.<\/p>\n<p>Im Laufe der Jahre haben sich die Materialien und Techniken laufend verbessert und ver\u00e4ndert. Heute versuchen wir nach bestem Wissen und K\u00f6nnen Ihren Kundenw\u00fcnschen zu entsprechen.<\/p>\n<p>Der Betrieb hat in den letzten 60 Jahren mit Erfolg regelm\u00e4ssig Lernende ausgebildet und ist bis heute aktiv in der Lehrlingsausbildung t\u00e4tig. Wir sind Mitglieder des Schweizerischen Maler &amp; Gipserunternehmerverbands SMGV, dem B\u00fcndner Malermeisterverband BMV und dem Stadtverband Chur.<\/p>\n<p>Jonny Mettier und sein Team freuen sich, Sie schon bald zu ihren gesch\u00e4tzten Kunden z\u00e4hlen zu d\u00fcrfen!<\/p>\n","protected":false},"excerpt":{"rendered":"<p>Das von Jonny Mettier in dritter Generation gef\u00fchrte Malergesch\u00e4ft wurde 1946 von Johann Mettier gegr\u00fcndet und aufgebaut. Ab 1968 wurde das Gesch\u00e4ft von Arno Mettier weitergef\u00fchrt, bis es 2001 schliesslich an den jetzigen Inhaber Jonny Mettier \u00fcbergeben wurde. Die Firma wird im Sinne der Vorg\u00e4nger als pers\u00f6nlicher und kundenfreundlicher Kleinbetrieb mit einer Zweigstelle in Spl\u00fcgen &hellip; <\/p>\n<p class=\"link-more\"><a href=\"https:\/\/maler-mettier.ch\/\" class=\"more-link\"><span class=\"screen-reader-text\">\u201eStartseite\u201c<\/span> weiterlesen<\/a><\/p>\n","protected":false},"author":1,"featured_media":0,"parent":0,"menu_order":0,"comment_status":"closed","ping_status":"closed","template":"","meta":[],"yoast_head":"<!-- This site is optimized with the Yoast SEO plugin v19.2 - https:\/\/yoast.com\/wordpress\/plugins\/seo\/ -->\n<title>Startseite - Jonny Mettier<\/title>\n<meta name=\"robots\" content=\"index, follow, max-snippet:-1, max-image-preview:large, max-video-preview:-1\" \/>\n<link rel=\"canonical\" href=\"https:\/\/maler-mettier.ch\/\" \/>\n<meta property=\"og:locale\" content=\"de_DE\" \/>\n<meta property=\"og:type\" content=\"article\" \/>\n<meta property=\"og:title\" content=\"Startseite - Jonny Mettier\" \/>\n<meta property=\"og:description\" content=\"Das von Jonny Mettier in dritter Generation gef\u00fchrte Malergesch\u00e4ft wurde 1946 von Johann Mettier gegr\u00fcndet und aufgebaut. Ab 1968 wurde das Gesch\u00e4ft von Arno Mettier weitergef\u00fchrt, bis es 2001 schliesslich an den jetzigen Inhaber Jonny Mettier \u00fcbergeben wurde. Die Firma wird im Sinne der Vorg\u00e4nger als pers\u00f6nlicher und kundenfreundlicher Kleinbetrieb mit einer Zweigstelle in Spl\u00fcgen &hellip; \u201eStartseite\u201c weiterlesen\" \/>\n<meta property=\"og:url\" content=\"https:\/\/maler-mettier.ch\/\" \/>\n<meta property=\"og:site_name\" content=\"Jonny Mettier\" \/>\n<meta property=\"article:modified_time\" content=\"2021-08-19T13:41:50+00:00\" \/>\n<meta name=\"author\" content=\"admin\" \/>\n<meta name=\"twitter:card\" content=\"summary_large_image\" \/>\n<meta name=\"twitter:label1\" content=\"Gesch\u00e4tzte Lesezeit\" \/>\n\t<meta name=\"twitter:data1\" content=\"1\u00a0Minute\" \/>\n<script type=\"application\/ld+json\" class=\"yoast-schema-graph\">{\"@context\":\"https:\/\/schema.org\",\"@graph\":[{\"@type\":\"WebSite\",\"@id\":\"https:\/\/maler-mettier.ch\/#website\",\"url\":\"https:\/\/maler-mettier.ch\/\",\"name\":\"Jonny Mettier\",\"description\":\"Eidg. Dipl. Malerpolier Malergesch\u00e4ft seit 1946\",\"potentialAction\":[{\"@type\":\"SearchAction\",\"target\":{\"@type\":\"EntryPoint\",\"urlTemplate\":\"https:\/\/maler-mettier.ch\/?s={search_term_string}\"},\"query-input\":\"required name=search_term_string\"}],\"inLanguage\":\"de\"},{\"@type\":\"WebPage\",\"@id\":\"https:\/\/maler-mettier.ch\/#webpage\",\"url\":\"https:\/\/maler-mettier.ch\/\",\"name\":\"Startseite - Jonny Mettier\",\"isPartOf\":{\"@id\":\"https:\/\/maler-mettier.ch\/#website\"},\"datePublished\":\"2019-09-26T13:16:28+00:00\",\"dateModified\":\"2021-08-19T13:41:50+00:00\",\"breadcrumb\":{\"@id\":\"https:\/\/maler-mettier.ch\/#breadcrumb\"},\"inLanguage\":\"de\",\"potentialAction\":[{\"@type\":\"ReadAction\",\"target\":[\"https:\/\/maler-mettier.ch\/\"]}]},{\"@type\":\"BreadcrumbList\",\"@id\":\"https:\/\/maler-mettier.ch\/#breadcrumb\",\"itemListElement\":[{\"@type\":\"ListItem\",\"position\":1,\"name\":\"Home\",\"item\":\"https:\/\/maler-mettier.ch\/\"},{\"@type\":\"ListItem\",\"position\":2,\"name\":\"Startseite\"}]}]}<\/script>\n<!-- \/ Yoast SEO plugin. -->","yoast_head_json":{"title":"Startseite - Jonny Mettier","robots":{"index":"index","follow":"follow","max-snippet":"max-snippet:-1","max-image-preview":"max-image-preview:large","max-video-preview":"max-video-preview:-1"},"canonical":"https:\/\/maler-mettier.ch\/","og_locale":"de_DE","og_type":"article","og_title":"Startseite - Jonny Mettier","og_description":"Das von Jonny Mettier in dritter Generation gef\u00fchrte Malergesch\u00e4ft wurde 1946 von Johann Mettier gegr\u00fcndet und aufgebaut. Ab 1968 wurde das Gesch\u00e4ft von Arno Mettier weitergef\u00fchrt, bis es 2001 schliesslich an den jetzigen Inhaber Jonny Mettier \u00fcbergeben wurde. Die Firma wird im Sinne der Vorg\u00e4nger als pers\u00f6nlicher und kundenfreundlicher Kleinbetrieb mit einer Zweigstelle in Spl\u00fcgen &hellip; \u201eStartseite\u201c weiterlesen","og_url":"https:\/\/maler-mettier.ch\/","og_site_name":"Jonny Mettier","article_modified_time":"2021-08-19T13:41:50+00:00","author":"admin","twitter_card":"summary_large_image","twitter_misc":{"Gesch\u00e4tzte Lesezeit":"1\u00a0Minute"},"schema":{"@context":"https:\/\/schema.org","@graph":[{"@type":"WebSite","@id":"https:\/\/maler-mettier.ch\/#website","url":"https:\/\/maler-mettier.ch\/","name":"Jonny Mettier","description":"Eidg. Dipl. Malerpolier Malergesch\u00e4ft seit 1946","potentialAction":[{"@type":"SearchAction","target":{"@type":"EntryPoint","urlTemplate":"https:\/\/maler-mettier.ch\/?s={search_term_string}"},"query-input":"required name=search_term_string"}],"inLanguage":"de"},{"@type":"WebPage","@id":"https:\/\/maler-mettier.ch\/#webpage","url":"https:\/\/maler-mettier.ch\/","name":"Startseite - Jonny Mettier","isPartOf":{"@id":"https:\/\/maler-mettier.ch\/#website"},"datePublished":"2019-09-26T13:16:28+00:00","dateModified":"2021-08-19T13:41:50+00:00","breadcrumb":{"@id":"https:\/\/maler-mettier.ch\/#breadcrumb"},"inLanguage":"de","potentialAction":[{"@type":"ReadAction","target":["https:\/\/maler-mettier.ch\/"]}]},{"@type":"BreadcrumbList","@id":"https:\/\/maler-mettier.ch\/#breadcrumb","itemListElement":[{"@type":"ListItem","position":1,"name":"Home","item":"https:\/\/maler-mettier.ch\/"},{"@type":"ListItem","position":2,"name":"Startseite"}]}]}},"_links":{"self":[{"href":"https:\/\/maler-mettier.ch\/index.php\/wp-json\/wp\/v2\/pages\/10"}],"collection":[{"href":"https:\/\/maler-mettier.ch\/index.php\/wp-json\/wp\/v2\/pages"}],"about":[{"href":"https:\/\/maler-mettier.ch\/index.php\/wp-json\/wp\/v2\/types\/page"}],"author":[{"embeddable":true,"href":"https:\/\/maler-mettier.ch\/index.php\/wp-json\/wp\/v2\/users\/1"}],"replies":[{"embeddable":true,"href":"https:\/\/maler-mettier.ch\/index.php\/wp-json\/wp\/v2\/comments?post=10"}],"version-history":[{"count":2,"href":"https:\/\/maler-mettier.ch\/index.php\/wp-json\/wp\/v2\/pages\/10\/revisions"}],"predecessor-version":[{"id":31,"href":"https:\/\/maler-mettier.ch\/index.php\/wp-json\/wp\/v2\/pages\/10\/revisions\/31"}],"wp:attachment":[{"href":"https:\/\/maler-mettier.ch\/index.php\/wp-json\/wp\/v2\/media?parent=10"}],"curies":[{"name":"wp","href":"https:\/\/api.w.org\/{rel}","templated":true}]}}